{"id":7902,"date":"2019-01-21T16:06:25","date_gmt":"2019-01-21T09:06:25","guid":{"rendered":"http:\/\/vietqualitytravel.com\/?page_id=7902"},"modified":"2026-04-16T08:16:39","modified_gmt":"2026-04-16T01:16:39","slug":"about-us-2","status":"publish","type":"page","link":"http:\/\/vietqualitytravel.com\/","title":{"rendered":"Home"},"content":{"rendered":"<style type=\"text\/css\"> \n#cmsmasters_row_68e919efeaa023_02356426 .cmsmasters_row_outer_parent { \n\tpadding-top: 0px; \n} \n#cmsmasters_row_68e919efeaa023_02356426 .cmsmasters_row_outer_parent { \n\tpadding-bottom: 0px; \n} \n#cmsmasters_row_68e919efeaa023_02356426 .cmsmasters_row_inner.cmsmasters_row_fullwidth { \n\tpadding-left:0%; \n} \n#cmsmasters_row_68e919efeaa023_02356426 .cmsmasters_row_inner.cmsmasters_row_fullwidth { \n\tpadding-right:0%; \n} \n#cmsmasters_row_68e919f0027606_05036993 .cmsmasters_row_outer_parent { \n\tpadding-top: 100px; \n} \n#cmsmasters_row_68e919f0027606_05036993 .cmsmasters_row_outer_parent { \n\tpadding-bottom: 5px; \n} \n#cmsmasters_divider_68e919f0032407_78133145 { \n\tborder-bottom-width:1px; \n\tborder-bottom-style:solid; \n\tpadding-top:50px; \n\tmargin-bottom:50px; \n} \n#cmsmasters_divider_68e919f00357e2_06760326 { \n\tborder-bottom-width:1px; \n\tborder-bottom-style:solid; \n\tpadding-top:50px; \n\tmargin-bottom:50px; \n} \n#cmsmasters_row_68e919f0035d06_92804560 .cmsmasters_row_outer_parent { \n\tpadding-top: 0px; \n} \n#cmsmasters_row_68e919f0035d06_92804560 .cmsmasters_row_outer_parent { \n\tpadding-bottom: 50px; \n} \n#cmsmasters_row_68e919f0037481_18253840 .cmsmasters_row_outer_parent { \n\tpadding-top: 0px; \n} \n#cmsmasters_row_68e919f0037481_18253840 .cmsmasters_row_outer_parent { \n\tpadding-bottom: 50px; \n} \n<\/style>\n<div class=\"cmsmasters_row cmsmasters_color_scheme_default cmsmasters_row_top_default cmsmasters_row_bot_default cmsmasters_row_fullwidth\" id=\"cmsmasters_row_68e919efeaa023_02356426\">\n<div class=\"cmsmasters_row_outer_parent\">\n<div class=\"cmsmasters_row_outer\">\n<div class=\"cmsmasters_row_inner cmsmasters_row_fullwidth\">\n<div class=\"cmsmasters_row_margin\">\n<div class=\"cmsmasters_column one_first\">\n<div class=\"cmsmasters_slider\">\n<!-- START trang ch\u1ee7 REVOLUTION SLIDER 6.6.11 --><\/p>\n<p class=\"rs-p-wp-fix\">\n<p> <rs-module-wrap data-alias=\"slider-1\" data-source=\"gallery\" id=\"rev_slider_2_1_wrapper\" style=\"visibility:hidden;background:transparent;padding:0;margin:0px auto;margin-top:0;margin-bottom:0;\"><br \/>\n<rs-module data-version=\"6.6.11\" id=\"rev_slider_2_1\" style=\"\"><br \/>\n<rs-slides style=\"overflow: hidden; position: absolute;\"><br \/>\n<rs-slide data-anim=\"ms:50;\" data-duration=\"3500ms\" data-in=\"o:0;\" data-key=\"rs-27\" data-out=\"a:false;\" data-title=\"Slide\" style=\"position: absolute;\"><br \/>\n<img alt=\"Slide\" class=\"rev-slidebg tp-rs-img rs-lazyload\" data-lazyload=\"\/\/vietqualitytravel.com\/wp-content\/plugins\/revslider\/public\/assets\/assets\/transparent.png\" data-no-retina=\"\" decoding=\"async\" src=\"\/\/vietqualitytravel.com\/wp-content\/plugins\/revslider\/public\/assets\/assets\/dummy.png\" title=\"Home\"\/><br \/>\n<!--\n--><rs-layer data-dim=\"w:1254px,1035px,786px,484px;h:465px,384px,291px,179px;\" data-frame_0=\"x:ran(-250|250);y:ran(-150|150);sX:ran(0|1.5);sY:ran(0|1.5);rX:ran(-90|90);rY:ran(-90|90);rZ:ran(-90|90);\" data-frame_1=\"e:power4.inOut;sp:1500;\" data-frame_999=\"x:ran(-250|250);y:ran(-150|150);sX:ran(0|1.5);sY:ran(0|1.5);o:0;rX:ran(-90|90);rY:ran(-90|90);rZ:ran(-90|90);e:power4.inOut;st:3010;sp:1500;\" data-rsp_ch=\"on\" data-text=\"w:normal;s:20,16,12,7;l:0,20,15,9;\" data-type=\"image\" data-xy=\"xo:-8px,-6px,-4px,-2px;yo:-53px,-43px,-32px,-19px;\" id=\"slider-2-slide-27-layer-5\" style=\"z-index:5;\"><img alt=\"\" class=\"tp-rs-img rs-lazyload\" data-lazyload=\"\/\/vietqualitytravel.com\/wp-content\/uploads\/2023\/07\/16.halong-bay-vietnam.jpg\" data-no-retina=\"\" decoding=\"async\" height=\"759\" src=\"\/\/vietqualitytravel.com\/wp-content\/plugins\/revslider\/public\/assets\/assets\/dummy.png\" width=\"2048\"\/><br \/>\n<\/rs-layer><!--\n--> <\/rs-slide><br \/>\n<rs-slide data-anim=\"d:11;ms:30;p:dark;\" data-duration=\"3500ms\" data-in=\"o:0;\" data-key=\"rs-17\" data-out=\"o:0;\" data-title=\"Slide\" style=\"position: absolute;\"><br \/>\n<img alt=\"Slide\" class=\"rev-slidebg tp-rs-img rs-lazyload\" data-lazyload=\"\/\/vietqualitytravel.com\/wp-content\/plugins\/revslider\/public\/assets\/assets\/transparent.png\" data-no-retina=\"\" decoding=\"async\" src=\"\/\/vietqualitytravel.com\/wp-content\/plugins\/revslider\/public\/assets\/assets\/dummy.png\" title=\"Home\"\/><br \/>\n<!--\n--><rs-layer data-dim=\"w:1245px,1028px,781px,481px;h:627px,517px,392px,241px;\" data-frame_0=\"x:ran(-250|250);y:ran(-150|150);sX:ran(0|1.5);sY:ran(0|1.5);rX:ran(-90|90);rY:ran(-90|90);rZ:ran(-90|90);\" data-frame_1=\"e:power4.inOut;sp:1500;\" data-frame_999=\"o:1;e:power4.inOut;st:3090;sp:1500;\" data-frame_999_chars=\"dir:random;d:10;x:ran(-250|250);y:ran(-150|150);sX:ran(0|1.5);sY:ran(0|1.5);rX:ran(-90|90);rY:ran(-90|90);rZ:ran(-90|90);\" data-rsp_ch=\"on\" data-text=\"w:normal;s:20,16,12,7;l:0,20,15,9;\" data-type=\"image\" data-xy=\"xo:-5px,-4px,-3px,-1px;yo:-219px,-180px,-136px,-83px;\" id=\"slider-2-slide-17-layer-1\" style=\"z-index:6;\"><img alt=\"\" class=\"tp-rs-img rs-lazyload\" data-lazyload=\"\/\/vietqualitytravel.com\/wp-content\/uploads\/2019\/01\/lang-chai-mui-ne2.jpg\" data-no-retina=\"\" decoding=\"async\" height=\"509\" src=\"\/\/vietqualitytravel.com\/wp-content\/plugins\/revslider\/public\/assets\/assets\/dummy.png\" width=\"1011\"\/><br \/>\n<\/rs-layer><!--\n--> <\/rs-slide><br \/>\n<rs-slide data-anim=\"d:11;ms:30;p:dark;\" data-duration=\"3500ms\" data-in=\"o:0;\" data-key=\"rs-26\" data-out=\"o:0;\" data-title=\"Slide\" style=\"position: absolute;\"><br \/>\n<img alt=\"Slide\" class=\"rev-slidebg tp-rs-img rs-lazyload\" data-lazyload=\"\/\/vietqualitytravel.com\/wp-content\/plugins\/revslider\/public\/assets\/assets\/transparent.png\" data-no-retina=\"\" decoding=\"async\" src=\"\/\/vietqualitytravel.com\/wp-content\/plugins\/revslider\/public\/assets\/assets\/dummy.png\" title=\"Home\"\/><br \/>\n<!--\n--><rs-layer data-dim=\"w:1291px,1066px,809px,499px;h:478px,394px,299px,184px;\" data-frame_0=\"x:ran(-250|250);y:ran(-150|150);sX:ran(0|1.5);sY:ran(0|1.5);rX:ran(-90|90);rY:ran(-90|90);rZ:ran(-90|90);\" data-frame_1=\"e:power4.inOut;sp:1500;\" data-frame_999=\"x:ran(-250|250);y:ran(-150|150);sX:ran(0|1.5);sY:ran(0|1.5);o:0;rX:ran(-90|90);rY:ran(-90|90);rZ:ran(-90|90);e:power4.inOut;st:3090;sp:1500;\" data-rsp_ch=\"on\" data-text=\"w:normal;s:20,16,12,7;l:0,20,15,9;\" data-type=\"image\" data-xy=\"xo:-2px,-1px,0,0;yo:-67px,-55px,-41px,-25px;\" id=\"slider-2-slide-26-layer-1\" style=\"z-index:6;\"><img alt=\"\" class=\"tp-rs-img rs-lazyload\" data-lazyload=\"\/\/vietqualitytravel.com\/wp-content\/uploads\/2023\/07\/15.Tran_Quoc.jpg\" data-no-retina=\"\" decoding=\"async\" height=\"296\" src=\"\/\/vietqualitytravel.com\/wp-content\/plugins\/revslider\/public\/assets\/assets\/dummy.png\" width=\"800\"\/><br \/>\n<\/rs-layer><!--\n--> <\/rs-slide><br \/>\n<rs-slide data-anim=\"ms:864;f:edges;\" data-duration=\"3500ms\" data-in=\"o:0;x:cyc(-10|10);y:cyc(-10|10);r:cyc(-10|10);sx:0.1;sy:0.1;row:8;col:8;\" data-key=\"rs-4\" data-out=\"a:false;\" data-title=\"Slide\" style=\"position: absolute;\"><br \/>\n<img alt=\"Slide\" class=\"rev-slidebg tp-rs-img rs-lazyload\" data-lazyload=\"\/\/vietqualitytravel.com\/wp-content\/plugins\/revslider\/public\/assets\/assets\/transparent.png\" data-no-retina=\"\" decoding=\"async\" src=\"\/\/vietqualitytravel.com\/wp-content\/plugins\/revslider\/public\/assets\/assets\/dummy.png\" title=\"Home\"\/><br \/>\n<!--\n--><rs-layer data-dim=\"w:1249px,1031px,783px,483px;h:463px,382px,290px,178px;\" data-frame_0=\"x:ran(-250|250);y:ran(-150|150);sX:ran(0|1.5);sY:ran(0|1.5);rX:ran(-90|90);rY:ran(-90|90);rZ:ran(-90|90);\" data-frame_1=\"e:power4.inOut;sp:1500;\" data-frame_999=\"x:ran(-250|250);y:ran(-150|150);sX:ran(0|1.5);sY:ran(0|1.5);o:0;rX:ran(-90|90);rY:ran(-90|90);rZ:ran(-90|90);e:power4.inOut;st:2140;sp:1500;\" data-rsp_ch=\"on\" data-text=\"w:normal;s:20,16,12,7;l:0,20,15,9;\" data-type=\"image\" data-xy=\"xo:-3px,-2px,-1px,0;yo:-58px,-47px,-35px,-21px;\" id=\"slider-2-slide-4-layer-0\" style=\"z-index:6;\"><img alt=\"\" class=\"tp-rs-img rs-lazyload\" data-lazyload=\"\/\/vietqualitytravel.com\/wp-content\/uploads\/2023\/07\/07.west-lake-hanoi.jpg\" data-no-retina=\"\" decoding=\"async\" height=\"759\" src=\"\/\/vietqualitytravel.com\/wp-content\/plugins\/revslider\/public\/assets\/assets\/dummy.png\" width=\"2048\"\/><br \/>\n<\/rs-layer><!--\n--> <\/rs-slide><br \/>\n<rs-slide data-anim=\"ms:50;\" data-duration=\"3500ms\" data-in=\"o:0;\" data-key=\"rs-5\" data-out=\"a:false;\" data-title=\"Slide\" style=\"position: absolute;\"><br \/>\n<img alt=\"Slide\" class=\"rev-slidebg tp-rs-img rs-lazyload\" data-lazyload=\"\/\/vietqualitytravel.com\/wp-content\/plugins\/revslider\/public\/assets\/assets\/transparent.png\" data-no-retina=\"\" decoding=\"async\" src=\"\/\/vietqualitytravel.com\/wp-content\/plugins\/revslider\/public\/assets\/assets\/dummy.png\" title=\"Home\"\/><br \/>\n<!--\n--><rs-layer data-dim=\"w:1254px,1035px,786px,484px;h:465px,384px,291px,179px;\" data-frame_0=\"x:ran(-250|250);y:ran(-150|150);sX:ran(0|1.5);sY:ran(0|1.5);rX:ran(-90|90);rY:ran(-90|90);rZ:ran(-90|90);\" data-frame_1=\"e:power4.inOut;sp:1500;\" data-frame_999=\"x:ran(-250|250);y:ran(-150|150);sX:ran(0|1.5);sY:ran(0|1.5);o:0;rX:ran(-90|90);rY:ran(-90|90);rZ:ran(-90|90);e:power4.inOut;st:3010;sp:1500;\" data-rsp_ch=\"on\" data-text=\"w:normal;s:20,16,12,7;l:0,20,15,9;\" data-type=\"image\" data-xy=\"xo:-8px,-6px,-4px,-2px;yo:-55px,-45px,-34px,-20px;\" id=\"slider-2-slide-5-layer-5\" style=\"z-index:5;\"><img alt=\"\" class=\"tp-rs-img rs-lazyload\" data-lazyload=\"\/\/vietqualitytravel.com\/wp-content\/uploads\/2023\/07\/09.Cau-Long-Bien.jpg\" data-no-retina=\"\" decoding=\"async\" height=\"654\" src=\"\/\/vietqualitytravel.com\/wp-content\/plugins\/revslider\/public\/assets\/assets\/dummy.png\" width=\"1765\"\/><br \/>\n<\/rs-layer><!--\n--> <\/rs-slide><br \/>\n<rs-slide data-anim=\"ms:50;\" data-duration=\"3500ms\" data-in=\"o:0;\" data-key=\"rs-6\" data-out=\"a:false;\" data-title=\"Slide\" style=\"position: absolute;\"><br \/>\n<img alt=\"Slide\" class=\"rev-slidebg tp-rs-img rs-lazyload\" data-lazyload=\"\/\/vietqualitytravel.com\/wp-content\/plugins\/revslider\/public\/assets\/assets\/transparent.png\" data-no-retina=\"\" decoding=\"async\" src=\"\/\/vietqualitytravel.com\/wp-content\/plugins\/revslider\/public\/assets\/assets\/dummy.png\" title=\"Home\"\/><br \/>\n<!--\n--><rs-layer data-dim=\"w:1244px,1027px,780px,481px;h:461px,380px,288px,177px;\" data-ford=\"frame_0;frame_1;frame_2;frame_999;\" data-frame_0=\"x:ran(-250|250);y:ran(-150|150);sX:ran(0|1.5);sY:ran(0|1.5);rX:ran(-90|90);rY:ran(-90|90);rZ:ran(-90|90);\" data-frame_1=\"e:power4.inOut;sp:1500;\" data-frame_2=\"st:1220;sp:1850;sR:220;\" data-frame_999=\"x:ran(-250|250);y:ran(-150|150);sX:ran(0|1.5);sY:ran(0|1.5);o:0;rX:ran(-90|90);rY:ran(-90|90);rZ:ran(-90|90);e:power4.inOut;st:w;sp:1500;\" data-rsp_ch=\"on\" data-text=\"w:normal;s:20,16,12,7;l:0,20,15,9;\" data-type=\"image\" data-xy=\"xo:-3px,-2px,-1px,0;yo:-56px,-46px,-34px,-20px;\" id=\"slider-2-slide-6-layer-4\" style=\"z-index:5;\"><img alt=\"\" class=\"tp-rs-img rs-lazyload\" data-lazyload=\"\/\/vietqualitytravel.com\/wp-content\/uploads\/2023\/07\/10.Cau-Long-Bien.jpg\" data-no-retina=\"\" decoding=\"async\" height=\"556\" src=\"\/\/vietqualitytravel.com\/wp-content\/plugins\/revslider\/public\/assets\/assets\/dummy.png\" width=\"1500\"\/><br \/>\n<\/rs-layer><!--\n--> <\/rs-slide><br \/>\n<rs-slide data-anim=\"ms:50;\" data-duration=\"3500ms\" data-in=\"o:0;\" data-key=\"rs-28\" data-out=\"a:false;\" data-title=\"Slide\" style=\"position: absolute;\"><br \/>\n<img alt=\"Slide\" class=\"rev-slidebg tp-rs-img rs-lazyload\" data-lazyload=\"\/\/vietqualitytravel.com\/wp-content\/plugins\/revslider\/public\/assets\/assets\/transparent.png\" data-no-retina=\"\" decoding=\"async\" src=\"\/\/vietqualitytravel.com\/wp-content\/plugins\/revslider\/public\/assets\/assets\/dummy.png\" title=\"Home\"\/><br \/>\n<!--\n--><rs-layer data-dim=\"w:1244px,1027px,780px,481px;h:461px,380px,288px,177px;\" data-ford=\"frame_0;frame_1;frame_2;frame_999;\" data-frame_0=\"x:ran(-250|250);y:ran(-150|150);sX:ran(0|1.5);sY:ran(0|1.5);rX:ran(-90|90);rY:ran(-90|90);rZ:ran(-90|90);\" data-frame_1=\"e:power4.inOut;sp:1500;\" data-frame_2=\"st:1220;sp:1850;sR:220;\" data-frame_999=\"x:ran(-250|250);y:ran(-150|150);sX:ran(0|1.5);sY:ran(0|1.5);o:0;rX:ran(-90|90);rY:ran(-90|90);rZ:ran(-90|90);e:power4.inOut;st:w;sp:1500;\" data-rsp_ch=\"on\" data-text=\"w:normal;s:20,16,12,7;l:0,20,15,9;\" data-type=\"image\" data-xy=\"xo:-2px,-1px,0,0;yo:-57px,-47px,-35px,-21px;\" id=\"slider-2-slide-28-layer-4\" style=\"z-index:5;\"><img alt=\"\" class=\"tp-rs-img rs-lazyload\" data-lazyload=\"\/\/vietqualitytravel.com\/wp-content\/uploads\/2023\/07\/15.jpg\" data-no-retina=\"\" decoding=\"async\" height=\"759\" src=\"\/\/vietqualitytravel.com\/wp-content\/plugins\/revslider\/public\/assets\/assets\/dummy.png\" width=\"2048\"\/><br \/>\n<\/rs-layer><!--\n--> <\/rs-slide><br \/>\n<rs-slide data-anim=\"d:11;ms:30;p:dark;\" data-duration=\"3500ms\" data-in=\"o:0;\" data-key=\"rs-29\" data-out=\"o:0;\" data-title=\"Slide\" style=\"position: absolute;\"><br \/>\n<img alt=\"Slide\" class=\"rev-slidebg tp-rs-img rs-lazyload\" data-lazyload=\"\/\/vietqualitytravel.com\/wp-content\/plugins\/revslider\/public\/assets\/assets\/transparent.png\" data-no-retina=\"\" decoding=\"async\" src=\"\/\/vietqualitytravel.com\/wp-content\/plugins\/revslider\/public\/assets\/assets\/dummy.png\" title=\"Home\"\/><br \/>\n<!--\n--><rs-layer data-dim=\"w:1291px,1066px,809px,499px;h:478px,394px,299px,184px;\" data-frame_0=\"x:ran(-250|250);y:ran(-150|150);sX:ran(0|1.5);sY:ran(0|1.5);rX:ran(-90|90);rY:ran(-90|90);rZ:ran(-90|90);\" data-frame_1=\"e:power4.inOut;sp:1500;\" data-frame_999=\"x:ran(-250|250);y:ran(-150|150);sX:ran(0|1.5);sY:ran(0|1.5);o:0;rX:ran(-90|90);rY:ran(-90|90);rZ:ran(-90|90);e:power4.inOut;st:3090;sp:1500;\" data-rsp_ch=\"on\" data-text=\"w:normal;s:20,16,12,7;l:0,20,15,9;\" data-type=\"image\" data-xy=\"xo:-4px,-3px,-2px,-1px;yo:-73px,-60px,-45px,-27px;\" id=\"slider-2-slide-29-layer-1\" style=\"z-index:6;\"><img alt=\"\" class=\"tp-rs-img rs-lazyload\" data-lazyload=\"\/\/vietqualitytravel.com\/wp-content\/uploads\/2023\/07\/46115948-topography.jpg\" data-no-retina=\"\" decoding=\"async\" height=\"444\" src=\"\/\/vietqualitytravel.com\/wp-content\/plugins\/revslider\/public\/assets\/assets\/dummy.png\" width=\"1200\"\/><br \/>\n<\/rs-layer><!--\n--> <\/rs-slide><br \/>\n<rs-slide data-anim=\"d:11;ms:30;p:dark;\" data-duration=\"3500ms\" data-in=\"o:0;\" data-key=\"rs-66\" data-out=\"o:0;\" data-title=\"Slide\" style=\"position: absolute;\"><br \/>\n<img alt=\"Slide\" class=\"rev-slidebg tp-rs-img rs-lazyload\" data-lazyload=\"\/\/vietqualitytravel.com\/wp-content\/plugins\/revslider\/public\/assets\/assets\/transparent.png\" data-no-retina=\"\" decoding=\"async\" src=\"\/\/vietqualitytravel.com\/wp-content\/plugins\/revslider\/public\/assets\/assets\/dummy.png\" title=\"Home\"\/><br \/>\n<!--\n--><rs-layer data-dim=\"w:1248px,1030px,782px,482px;h:462px,381px,289px,178px;\" data-frame_0=\"x:ran(-250|250);y:ran(-150|150);sX:ran(0|1.5);sY:ran(0|1.5);rX:ran(-90|90);rY:ran(-90|90);rZ:ran(-90|90);\" data-frame_1=\"e:power4.inOut;sp:1500;\" data-frame_999=\"x:ran(-250|250);y:ran(-150|150);sX:ran(0|1.5);sY:ran(0|1.5);o:0;rX:ran(-90|90);rY:ran(-90|90);rZ:ran(-90|90);e:power4.inOut;st:3090;sp:1500;\" data-rsp_ch=\"on\" data-text=\"w:normal;s:20,16,12,7;l:0,20,15,9;\" data-type=\"image\" data-xy=\"xo:-5px,-4px,-3px,-1px;yo:-56px,-46px,-34px,-20px;\" id=\"slider-2-slide-66-layer-1\" style=\"z-index:6;\"><img alt=\"\" class=\"tp-rs-img rs-lazyload\" data-lazyload=\"\/\/vietqualitytravel.com\/wp-content\/uploads\/2023\/07\/78211873-sunset-on-rice-field.jpg\" data-no-retina=\"\" decoding=\"async\" height=\"735\" src=\"\/\/vietqualitytravel.com\/wp-content\/plugins\/revslider\/public\/assets\/assets\/dummy.png\" width=\"1984\"\/><br \/>\n<\/rs-layer><!--\n--> <\/rs-slide><br \/>\n<rs-slide data-anim=\"ms:864;f:edges;\" data-duration=\"3500ms\" data-in=\"o:0;x:cyc(-10|10);y:cyc(-10|10);r:cyc(-10|10);sx:0.1;sy:0.1;row:8;col:8;\" data-key=\"rs-67\" data-out=\"a:false;\" data-title=\"Slide\" style=\"position: absolute;\"><br \/>\n<img alt=\"Slide\" class=\"rev-slidebg tp-rs-img rs-lazyload\" data-lazyload=\"\/\/vietqualitytravel.com\/wp-content\/plugins\/revslider\/public\/assets\/assets\/transparent.png\" data-no-retina=\"\" decoding=\"async\" src=\"\/\/vietqualitytravel.com\/wp-content\/plugins\/revslider\/public\/assets\/assets\/dummy.png\" title=\"Home\"\/><br \/>\n<!--\n--><rs-layer data-dim=\"w:1249px,1031px,783px,483px;h:462px,381px,289px,178px;\" data-frame_0=\"x:ran(-250|250);y:ran(-150|150);sX:ran(0|1.5);sY:ran(0|1.5);rX:ran(-90|90);rY:ran(-90|90);rZ:ran(-90|90);\" data-frame_1=\"e:power4.inOut;sp:1500;\" data-frame_999=\"x:ran(-250|250);y:ran(-150|150);sX:ran(0|1.5);sY:ran(0|1.5);o:0;rX:ran(-90|90);rY:ran(-90|90);rZ:ran(-90|90);e:power4.inOut;st:2140;sp:1500;\" data-rsp_ch=\"on\" data-text=\"w:normal;s:20,16,12,7;l:0,20,15,9;\" data-type=\"image\" data-xy=\"xo:-4px,-3px,-2px,-1px;yo:-57px,-47px,-35px,-21px;\" id=\"slider-2-slide-67-layer-0\" style=\"z-index:6;\"><img alt=\"\" class=\"tp-rs-img rs-lazyload\" data-lazyload=\"\/\/vietqualitytravel.com\/wp-content\/uploads\/2023\/07\/4-1024x682-1.jpg\" data-no-retina=\"\" decoding=\"async\" height=\"379\" src=\"\/\/vietqualitytravel.com\/wp-content\/plugins\/revslider\/public\/assets\/assets\/dummy.png\" width=\"1024\"\/><br \/>\n<\/rs-layer><!--\n--> <\/rs-slide><br \/>\n<\/rs-slides><br \/>\n<rs-static-layers><!--\n--><\/rs-static-layers><br \/>\n<\/rs-module><br \/>\n<script>\n\t\t\t\t\tsetREVStartSize({c: 'rev_slider_2_1',rl:[1240,1024,778,480],el:[400,768,960,160],gw:[1240,1024,778,480],gh:[400,768,960,160],type:'standard',justify:'',layout:'fullwidth',mh:\"0\"});if (window.RS_MODULES!==undefined && window.RS_MODULES.modules!==undefined && window.RS_MODULES.modules[\"revslider21\"]!==undefined) {window.RS_MODULES.modules[\"revslider21\"].once = false;window.revapi2 = undefined;if (window.RS_MODULES.checkMinimal!==undefined) window.RS_MODULES.checkMinimal()}\n\t\t\t\t<\/script><br \/>\n<\/rs-module-wrap><br \/>\n<!-- END REVOLUTION SLIDER -->\n<\/p>\n<\/p>\n<\/div>\n<\/div>\n<\/div>\n<\/div>\n<\/div>\n<\/div>\n<\/div>\n<div class=\"cmsmasters_row cmsmasters_color_scheme_default cmsmasters_row_top_default cmsmasters_row_bot_default cmsmasters_row_boxed\" id=\"cmsmasters_row_68e919f0027606_05036993\">\n<div class=\"cmsmasters_row_outer_parent\">\n<div class=\"cmsmasters_row_outer\">\n<div class=\"cmsmasters_row_inner\">\n<div class=\"cmsmasters_row_margin\">\n<div class=\"cmsmasters_column one_first\">\n<div class=\"cmsmasters_img cmsmasters_image_n\">\n<img decoding=\"async\" src=\"http:\/\/vietqualitytravel.com\/wp-content\/uploads\/2023\/06\/1-scaled.jpg\"><br \/>\n<\/img><\/div>\n<div class=\"cmsmasters_divider cmsmasters_divider_width_long cmsmasters_divider_pos_center\" id=\"cmsmasters_divider_68e919f0032407_78133145\"><\/div>\n<div class=\"aligncenter\">\n<div class=\"cmsmasters_img cmsmasters_image_c\">\n<img decoding=\"async\" src=\"http:\/\/vietqualitytravel.com\/wp-content\/uploads\/2023\/06\/2-scaled.jpg\"><br \/>\n<\/img><\/div>\n<\/div>\n<div class=\"cmsmasters_divider cmsmasters_divider_width_long cmsmasters_divider_pos_center\" id=\"cmsmasters_divider_68e919f00357e2_06760326\"><\/div>\n<\/div>\n<\/div>\n<\/div>\n<\/div>\n<\/div>\n<\/div>\n<div class=\"cmsmasters_row cmsmasters_color_scheme_default cmsmasters_row_top_default cmsmasters_row_bot_default cmsmasters_row_boxed\" id=\"cmsmasters_row_68e919f0035d06_92804560\">\n<div class=\"cmsmasters_row_outer_parent\">\n<div class=\"cmsmasters_row_outer\">\n<div class=\"cmsmasters_row_inner\">\n<div class=\"cmsmasters_row_margin\">\n<div class=\"cmsmasters_column one_first\">\n<div class=\"cmsmasters_text\">\n<p><img alt=\"\" class=\"alignnone size-full wp-image-8130 aligncenter\" decoding=\"async\" height=\"497\" loading=\"lazy\" sizes=\"(max-width: 919px) 100vw, 919px\" src=\"http:\/\/vietqualitytravel.com\/wp-content\/uploads\/2019\/02\/about-us.png\" srcset=\"http:\/\/vietqualitytravel.com\/wp-content\/uploads\/2019\/02\/about-us.png 919w, http:\/\/vietqualitytravel.com\/wp-content\/uploads\/2019\/02\/about-us-300x162.png 300w, http:\/\/vietqualitytravel.com\/wp-content\/uploads\/2019\/02\/about-us-768x415.png 768w, http:\/\/vietqualitytravel.com\/wp-content\/uploads\/2019\/02\/about-us-580x314.png 580w, http:\/\/vietqualitytravel.com\/wp-content\/uploads\/2019\/02\/about-us-860x465.png 860w, http:\/\/vietqualitytravel.com\/wp-content\/uploads\/2019\/02\/about-us-600x324.png 600w\" width=\"919\"\/><\/p>\n<\/div>\n<\/div>\n<\/div>\n<\/div>\n<\/div>\n<\/div>\n<\/div>\n<div class=\"cmsmasters_row cmsmasters_color_scheme_default cmsmasters_row_top_default cmsmasters_row_bot_default cmsmasters_row_boxed\" id=\"cmsmasters_row_68e919f0037481_18253840\">\n<div class=\"cmsmasters_row_outer_parent\">\n<div class=\"cmsmasters_row_outer\">\n<div class=\"cmsmasters_row_inner\">\n<div class=\"cmsmasters_row_margin\">\n<div class=\"cmsmasters_column one_first\">\n<div class=\"cmsmasters_img cmsmasters_image_n\">\n<img decoding=\"async\" src=\"http:\/\/vietqualitytravel.com\/wp-content\/uploads\/2023\/06\/meet-our-team-e1719479564145.png\"><br \/>\n<\/img><\/div>\n<\/div>\n<\/div>\n<\/div>\n<\/div>\n<\/div>\n<\/div>\n<div style=\"position: absolute; left: -9966px;\">\n<p><a href=\"https:\/\/annemariemcdermott.net\/\">Mostbet casino<\/a><\/p>\n<\/div>\n<div style=\"position: absolute; left: -7401px;\">\n<p>Discover an unparalleled world of online slot machines, where every spin could lead to thrilling jackpots. The vibrant graphics and engaging gameplay at <a href=\"https:\/\/bonus-kong.co.uk\/\" rel=\"noopener\" target=\"_blank\">Bonuskong&#8217;s Casino<\/a> deliver a premium experience for players.<\/p>\n<\/div>\n<div style=\"position: absolute; left: -7312px;\">\n<p>Eine sichere und faire Spielumgebung ist essenziell f\u00fcr ungetr\u00fcbten Spass. Professioneller Kundenservice und schnelle Auszahlungen sind selbstverst\u00e4ndlich <a href=\"https:\/\/29black.ch\/\" rel=\"noopener\" target=\"_blank\">im Online Casino 29black<\/a>. Starten Sie Ihr Spielabenteuer noch heute.<\/p>\n<\/div>\n<div style=\"position: absolute; left: -7394px;\">\n<p>Desfrute de uma experi\u00eancia de jogo superior, com acesso f\u00e1cil e r\u00e1pido aos seus jogos favoritos. A plataforma <a href=\"https:\/\/mino-app.pt\/\" rel=\"noopener\" target=\"_blank\">mino-app<\/a> garante divers\u00e3o ininterrupta, com suporte ao cliente dispon\u00edvel para qualquer quest\u00e3o, 24 horas por dia.<\/p>\n<\/div>\n<p><a href=\"https:\/\/korkyt-nb.kz\/\" style=\"position: absolute; top: -9999px; left: -9999px;\">\u043f\u0438\u043d \u0430\u043f<\/a><\/p>\n<div style=\"position: absolute; top: -9999px; left: -9999px;\">Kun etsit reilua peli\u00e4 ja selke\u00e4t ehdot, katso <a href=\"https:\/\/lumo-kasino.fi\/\">lumo casino talletus<\/a>.<\/div>\n<div style=\"overflow: hidden; height: 1px; width: 1px;\">\n<h2>Kingmaker AT \u2013 Majest\u00e4tisches Online-Gaming<\/h2>\n<p><a href=\"https:\/\/kingmaker-at.at\/\">Kingmaker Casino<\/a> ist der perfekte Ort f\u00fcr alle, die k\u00f6nigliche Behandlung sch\u00e4tzen. Von Slots bis Live-Casino ist alles vorhanden.<\/p>\n<p>Die Benutzeroberfl\u00e4che ist elegant gestaltet und erm\u00f6glicht einfache Navigation zu allen Spielkategorien.<\/p>\n<\/div>\n","protected":false},"excerpt":{"rendered":"<p>Mostbet casino Discover an unparalleled world of online slot machines, where every spin could lead to thrilling jackpots. The vibrant graphics and engaging gameplay at Bonuskong&#8217;s Casino deliver a premium&#8230;<\/p>\n","protected":false},"author":2,"featured_media":0,"parent":0,"menu_order":0,"comment_status":"closed","ping_status":"open","template":"","meta":{"footnotes":""},"class_list":["post-7902","page","type-page","status-publish","hentry"],"_links":{"self":[{"href":"http:\/\/vietqualitytravel.com\/index.php\/wp-json\/wp\/v2\/pages\/7902"}],"collection":[{"href":"http:\/\/vietqualitytravel.com\/index.php\/wp-json\/wp\/v2\/pages"}],"about":[{"href":"http:\/\/vietqualitytravel.com\/index.php\/wp-json\/wp\/v2\/types\/page"}],"author":[{"embeddable":true,"href":"http:\/\/vietqualitytravel.com\/index.php\/wp-json\/wp\/v2\/users\/2"}],"replies":[{"embeddable":true,"href":"http:\/\/vietqualitytravel.com\/index.php\/wp-json\/wp\/v2\/comments?post=7902"}],"version-history":[{"count":36,"href":"http:\/\/vietqualitytravel.com\/index.php\/wp-json\/wp\/v2\/pages\/7902\/revisions"}],"predecessor-version":[{"id":24054,"href":"http:\/\/vietqualitytravel.com\/index.php\/wp-json\/wp\/v2\/pages\/7902\/revisions\/24054"}],"wp:attachment":[{"href":"http:\/\/vietqualitytravel.com\/index.php\/wp-json\/wp\/v2\/media?parent=7902"}],"curies":[{"name":"wp","href":"https:\/\/api.w.org\/{rel}","templated":true}]}}